{"id":219,"date":"2025-04-23T10:51:11","date_gmt":"2025-04-23T10:51:11","guid":{"rendered":"https:\/\/obradornubeco.com\/?page_id=219"},"modified":"2025-04-25T18:28:15","modified_gmt":"2025-04-25T18:28:15","slug":"politica-de-devoluciones","status":"publish","type":"page","link":"https:\/\/obradornubeco.com\/index.php\/politica-de-devoluciones\/","title":{"rendered":"Pol\u00edtica de Devoluciones"},"content":{"rendered":"<p>[et_pb_section fb_built=\u00bb1&#8243; _builder_version=\u00bb4.27.4&#8243; _module_preset=\u00bbdefault\u00bb background_color=\u00bb#2b2b2b\u00bb custom_padding=\u00bb58px||58px||true|\u00bb global_colors_info=\u00bb{}\u00bb][et_pb_row _builder_version=\u00bb4.27.4&#8243; _module_preset=\u00bbdefault\u00bb global_colors_info=\u00bb{}\u00bb][et_pb_column type=\u00bb4_4&#8243; _builder_version=\u00bb4.27.4&#8243; _module_preset=\u00bbdefault\u00bb global_colors_info=\u00bb{}\u00bb][et_pb_text _builder_version=\u00bb4.27.4&#8243; _module_preset=\u00bbdefault\u00bb text_font=\u00bbCandal||||||||\u00bb text_text_color=\u00bb#FFFFFF\u00bb text_font_size=\u00bb36px\u00bb text_line_height=\u00bb1em\u00bb global_colors_info=\u00bb{}\u00bb]<\/p>\n<p style=\"text-align: center;\"><span>Pol\u00edtica de devoluciones<\/span><\/p>\n<p>[\/et_pb_text][\/et_pb_column][\/et_pb_row][et_pb_row _builder_version=\u00bb4.27.4&#8243; _module_preset=\u00bbdefault\u00bb global_colors_info=\u00bb{}\u00bb][et_pb_column type=\u00bb4_4&#8243; _builder_version=\u00bb4.27.4&#8243; _module_preset=\u00bbdefault\u00bb global_colors_info=\u00bb{}\u00bb][et_pb_text _builder_version=\u00bb4.27.4&#8243; _module_preset=\u00bbdefault\u00bb text_text_color=\u00bb#FFFFFF\u00bb global_colors_info=\u00bb{}\u00bb]<\/p>\n<p>En Obrador Nubeco, nos esforzamos por ofrecer productos de la m\u00e1s alta calidad. Sin embargo, entendemos que pueden surgir situaciones en las que necesites devolver un producto. A continuaci\u00f3n, se detallan las condiciones y procedimientos para las devoluciones:<\/p>\n<p>Condiciones de Devoluci\u00f3n:<\/p>\n<p>1. Productos en mal estado: Si al recibir tu pedido, los productos perecederos (pan, boller\u00eda, etc.) se encuentran en mal estado, podr\u00e1s solicitar la devoluci\u00f3n. Para ello, deber\u00e1s comunicarte con nosotros dentro de las primeras 12 horas desde la recepci\u00f3n del pedido.<\/p>\n<p>2. Error en el pedido: Si los productos recibidos no coinciden con los especificados en tu orden de compra, podr\u00e1s solicitar la devoluci\u00f3n.<\/p>\n<p>Procedimiento de Devoluci\u00f3n:<\/p>\n<p>1. Comunicaci\u00f3n: Deber\u00e1s comunicarte con nuestro servicio de atenci\u00f3n al cliente a trav\u00e9s del correo electr\u00f3nico [obrador.nubeco@gmail.com] indicando el motivo de la devoluci\u00f3n y adjuntando una fotograf\u00eda del producto en mal estado o del error en el pedido.<\/p>\n<p>2. Evaluaci\u00f3n: Nuestro equipo evaluar\u00e1 la solicitud y emitir\u00e1 una respuesta dentro de las 36 horas siguientes a la recepci\u00f3n de la misma.<\/p>\n<p>3. Devoluci\u00f3n del producto: En caso de que la devoluci\u00f3n sea aprobada, deber\u00e1s devolver el producto utilizando la misma caja en la que fue enviado, o en su defecto, en un formato similar que garantice la devoluci\u00f3n en perfecto estado.<\/p>\n<p>4. Reembolso: Una vez recibido el producto y aprobada la devoluci\u00f3n, recibir\u00e1s el importe del mismo modo en el que realizaste tu compra. El<br \/>abono se realizar\u00e1 en un plazo de 72 horas aproximadamente.<\/p>\n<p>Restricciones:<\/p>\n<p>No se aceptar\u00e1n devoluciones por ninguna otra causa que no sea las mencionadas anteriormente.<\/p>\n<p>Los gastos de devoluci\u00f3n correr\u00e1n por cuenta del cliente.<\/p>\n<p>No se aceptar\u00e1n devoluciones de productos perecederos que hayan sido<br \/>manipulados o abiertos.<\/p>\n<p>Cancelaciones:<\/p>\n<p>Puedes cancelar tu compra con un m\u00e1ximo de 24 horas antes de que el pedido sea horneado, comunic\u00e1ndote directamente a nuestro correo electr\u00f3nico [obrador.nubeco@gmail.com] Una vez horneado el pedido, no se aceptar\u00e1n cancelaciones.<\/p>\n<p>Contacto: Para cualquier duda, sugerencia o ayuda, puedes comunicarte con nosotros a trav\u00e9s del correo electr\u00f3nico [obrador.nubeco@gmail.com]<\/p>\n<p>[\/et_pb_text][\/et_pb_column][\/et_pb_row][\/et_pb_section]<\/p>\n","protected":false},"excerpt":{"rendered":"<p>Pol\u00edtica de devolucionesEn Obrador Nubeco, nos esforzamos por ofrecer productos de la m\u00e1s alta calidad. Sin embargo, entendemos que pueden surgir situaciones en las que necesites devolver un producto. A continuaci\u00f3n, se detallan las condiciones y procedimientos para las devoluciones: Condiciones de Devoluci\u00f3n: 1. Productos en mal estado: Si al recibir tu pedido, los productos [&hellip;]<\/p>\n","protected":false},"author":2,"featured_media":0,"parent":0,"menu_order":0,"comment_status":"closed","ping_status":"closed","template":"","meta":{"_et_pb_use_builder":"on","_et_pb_old_content":"","_et_gb_content_width":"","footnotes":""},"class_list":["post-219","page","type-page","status-publish","hentry"],"_links":{"self":[{"href":"https:\/\/obradornubeco.com\/index.php\/wp-json\/wp\/v2\/pages\/219","targetHints":{"allow":["GET"]}}],"collection":[{"href":"https:\/\/obradornubeco.com\/index.php\/wp-json\/wp\/v2\/pages"}],"about":[{"href":"https:\/\/obradornubeco.com\/index.php\/wp-json\/wp\/v2\/types\/page"}],"author":[{"embeddable":true,"href":"https:\/\/obradornubeco.com\/index.php\/wp-json\/wp\/v2\/users\/2"}],"replies":[{"embeddable":true,"href":"https:\/\/obradornubeco.com\/index.php\/wp-json\/wp\/v2\/comments?post=219"}],"version-history":[{"count":3,"href":"https:\/\/obradornubeco.com\/index.php\/wp-json\/wp\/v2\/pages\/219\/revisions"}],"predecessor-version":[{"id":239,"href":"https:\/\/obradornubeco.com\/index.php\/wp-json\/wp\/v2\/pages\/219\/revisions\/239"}],"wp:attachment":[{"href":"https:\/\/obradornubeco.com\/index.php\/wp-json\/wp\/v2\/media?parent=219"}],"curies":[{"name":"wp","href":"https:\/\/api.w.org\/{rel}","templated":true}]}}