{"id":243,"date":"2025-04-25T18:33:57","date_gmt":"2025-04-25T18:33:57","guid":{"rendered":"https:\/\/obradornubeco.com\/?page_id=243"},"modified":"2025-04-25T18:37:19","modified_gmt":"2025-04-25T18:37:19","slug":"politica-de-envio-a-domicilio","status":"publish","type":"page","link":"https:\/\/obradornubeco.com\/index.php\/politica-de-envio-a-domicilio\/","title":{"rendered":"Pol\u00edtica de env\u00edo a domicilio"},"content":{"rendered":"<p>[et_pb_section fb_built=\u00bb1&#8243; _builder_version=\u00bb4.27.4&#8243; _module_preset=\u00bbdefault\u00bb background_color=\u00bb#2b2b2b\u00bb custom_padding=\u00bb58px||58px||true|\u00bb global_colors_info=\u00bb{}\u00bb][et_pb_row _builder_version=\u00bb4.27.4&#8243; _module_preset=\u00bbdefault\u00bb global_colors_info=\u00bb{}\u00bb][et_pb_column type=\u00bb4_4&#8243; _builder_version=\u00bb4.27.4&#8243; _module_preset=\u00bbdefault\u00bb global_colors_info=\u00bb{}\u00bb][et_pb_text _builder_version=\u00bb4.27.4&#8243; _module_preset=\u00bbdefault\u00bb text_font=\u00bbCandal||||||||\u00bb text_text_color=\u00bb#FFFFFF\u00bb text_font_size=\u00bb36px\u00bb text_line_height=\u00bb1em\u00bb global_colors_info=\u00bb{}\u00bb]<\/p>\n<p style=\"text-align: center;\">Pol\u00edtica de Reparto a Domicilio<\/p>\n<p>[\/et_pb_text][\/et_pb_column][\/et_pb_row][et_pb_row _builder_version=\u00bb4.27.4&#8243; _module_preset=\u00bbdefault\u00bb global_colors_info=\u00bb{}\u00bb][et_pb_column type=\u00bb4_4&#8243; _builder_version=\u00bb4.27.4&#8243; _module_preset=\u00bbdefault\u00bb global_colors_info=\u00bb{}\u00bb][et_pb_text _builder_version=\u00bb4.27.4&#8243; _module_preset=\u00bbdefault\u00bb text_text_color=\u00bb#FFFFFF\u00bb global_colors_info=\u00bb{}\u00bb]<\/p>\n<p>&nbsp;<\/p>\n<p>En Obrador Nubeco, nos comprometemos a ofrecer un servicio de reparto a domicilio eficiente y de calidad para nuestros productos artesanos. A continuaci\u00f3n, se detallan las condiciones y procedimientos para el reparto a domicilio:<\/p>\n<p>\u00c1mbito de Reparto:<\/p>\n<p>1. Zonas de Reparto: El servicio de reparto a domicilio est\u00e1 disponible para las siguientes zonas: Dos Hermanas, Entren\u00facleos y Montequinto.<br \/>Si tu direcci\u00f3n no se encuentra dentro de estas zonas, por favor, cont\u00e1ctanos para verificar la posibilidad de realizar la entrega.<\/p>\n<p>2. Horario de Reparto: Las entregas se realizar\u00e1n los mi\u00e9rcoles de cada semana, entre las 16:00 y las 19:30 horas.<\/p>\n<p>Condiciones de Entrega:<\/p>\n<p>1. Pedido M\u00ednimo: El pedido m\u00ednimo para el servicio de reparto a domicilio es de 12 \u20ac.<\/p>\n<p>2. Coste de Env\u00edo: Este es un servicio Gratuito para nuestros clientes.<\/p>\n<p>3. Tiempo de Entrega: Los pedidos ser\u00e1n entregados los mi\u00e9rcoles en la franja horaria de 16:00 a 19:30 horas del mi\u00e9rcoles.<\/p>\n<p>Procedimiento de Pedido:<\/p>\n<p>1. Realizaci\u00f3n del Pedido: Los pedidos se pueden realizar a trav\u00e9s de nuestra p\u00e1gina web [www.obradornubeco.com]<\/p>\n<p>2. Confirmaci\u00f3n del Pedido: Una vez realizado el pedido, recibir\u00e1s una confirmaci\u00f3n por correo electr\u00f3nico o whatsapp con los detalles del mismo.<\/p>\n<p>3. Pago: El pago se realizar\u00e1 eligiendo una de las opciones que tienes en nuestra web.<\/p>\n<p>Responsabilidad del Cliente:<\/p>\n<p>1. Recepci\u00f3n del Pedido: Es responsabilidad del cliente asegurarse de que haya alguien disponible para recibir el pedido en la direcci\u00f3n<br \/>indicada durante el horario de entrega.<\/p>\n<p>2. Verificaci\u00f3n del Pedido: Al recibir el pedido, el cliente debe verificar que los productos entregados coincidan con los especificados en la orden de compra. En caso de cualquier discrepancia, deber\u00e1 comunicarse con nosotros dentro de las primeras 24 horas.<\/p>\n<p>Modificaciones y Cancelaciones:<\/p>\n<p>1. Modificaciones: Las modificaciones en el pedido deber\u00e1n ser comunicadas con al menos 48 de antelaci\u00f3n a la hora de entrega programada.<\/p>\n<p>2. Cancelaciones: Las cancelaciones deber\u00e1n ser comunicadas con al menos 48 horas de antelaci\u00f3n a la hora de entrega programada. Una vez horneado el pedido, no se aceptar\u00e1n cancelaciones.<\/p>\n<p>Contacto: Para cualquier duda, sugerencia o ayuda, puedes comunicarte con nosotros a trav\u00e9s del correo electr\u00f3nico [obrador.nubeco@gmail.com].<\/p>\n<p>[\/et_pb_text][\/et_pb_column][\/et_pb_row][\/et_pb_section]<\/p>\n","protected":false},"excerpt":{"rendered":"<p>Pol\u00edtica de Reparto a Domicilio&nbsp; En Obrador Nubeco, nos comprometemos a ofrecer un servicio de reparto a domicilio eficiente y de calidad para nuestros productos artesanos. A continuaci\u00f3n, se detallan las condiciones y procedimientos para el reparto a domicilio: \u00c1mbito de Reparto: 1. Zonas de Reparto: El servicio de reparto a domicilio est\u00e1 disponible para [&hellip;]<\/p>\n","protected":false},"author":1,"featured_media":0,"parent":0,"menu_order":0,"comment_status":"closed","ping_status":"closed","template":"","meta":{"_et_pb_use_builder":"on","_et_pb_old_content":"","_et_gb_content_width":"","footnotes":""},"class_list":["post-243","page","type-page","status-publish","hentry"],"_links":{"self":[{"href":"https:\/\/obradornubeco.com\/index.php\/wp-json\/wp\/v2\/pages\/243","targetHints":{"allow":["GET"]}}],"collection":[{"href":"https:\/\/obradornubeco.com\/index.php\/wp-json\/wp\/v2\/pages"}],"about":[{"href":"https:\/\/obradornubeco.com\/index.php\/wp-json\/wp\/v2\/types\/page"}],"author":[{"embeddable":true,"href":"https:\/\/obradornubeco.com\/index.php\/wp-json\/wp\/v2\/users\/1"}],"replies":[{"embeddable":true,"href":"https:\/\/obradornubeco.com\/index.php\/wp-json\/wp\/v2\/comments?post=243"}],"version-history":[{"count":3,"href":"https:\/\/obradornubeco.com\/index.php\/wp-json\/wp\/v2\/pages\/243\/revisions"}],"predecessor-version":[{"id":249,"href":"https:\/\/obradornubeco.com\/index.php\/wp-json\/wp\/v2\/pages\/243\/revisions\/249"}],"wp:attachment":[{"href":"https:\/\/obradornubeco.com\/index.php\/wp-json\/wp\/v2\/media?parent=243"}],"curies":[{"name":"wp","href":"https:\/\/api.w.org\/{rel}","templated":true}]}}