{"id":343,"date":"2025-04-25T19:18:23","date_gmt":"2025-04-25T19:18:23","guid":{"rendered":"https:\/\/obradornubeco.com\/?page_id=343"},"modified":"2025-04-25T19:20:14","modified_gmt":"2025-04-25T19:20:14","slug":"aviso-legal","status":"publish","type":"page","link":"https:\/\/obradornubeco.com\/index.php\/aviso-legal\/","title":{"rendered":"Aviso legal"},"content":{"rendered":"<p>[et_pb_section fb_built=\u00bb1&#8243; _builder_version=\u00bb4.27.4&#8243; _module_preset=\u00bbdefault\u00bb background_color=\u00bb#2b2b2b\u00bb custom_padding=\u00bb58px||58px||true|\u00bb global_colors_info=\u00bb{}\u00bb][et_pb_row _builder_version=\u00bb4.27.4&#8243; _module_preset=\u00bbdefault\u00bb global_colors_info=\u00bb{}\u00bb][et_pb_column type=\u00bb4_4&#8243; _builder_version=\u00bb4.27.4&#8243; _module_preset=\u00bbdefault\u00bb global_colors_info=\u00bb{}\u00bb][et_pb_text _builder_version=\u00bb4.27.4&#8243; _module_preset=\u00bbdefault\u00bb text_font=\u00bbCandal||||||||\u00bb text_text_color=\u00bb#FFFFFF\u00bb text_font_size=\u00bb36px\u00bb text_line_height=\u00bb1em\u00bb global_colors_info=\u00bb{}\u00bb]<\/p>\n<p style=\"text-align: center;\">Aviso legal<\/p>\n<p>[\/et_pb_text][\/et_pb_column][\/et_pb_row][et_pb_row _builder_version=\u00bb4.27.4&#8243; _module_preset=\u00bbdefault\u00bb global_colors_info=\u00bb{}\u00bb][et_pb_column type=\u00bb4_4&#8243; _builder_version=\u00bb4.27.4&#8243; _module_preset=\u00bbdefault\u00bb global_colors_info=\u00bb{}\u00bb][et_pb_text _builder_version=\u00bb4.27.4&#8243; _module_preset=\u00bbdefault\u00bb text_text_color=\u00bb#FFFFFF\u00bb global_colors_info=\u00bb{}\u00bb]<\/p>\n<p>&nbsp;<\/p>\n<p>&nbsp;<\/p>\n<p>En cumplimiento con el deber de informaci\u00f3n recogido en el art\u00edculo 10 de la Ley 34\/2002, de 11 de julio, de servicios de la sociedad de la informaci\u00f3n y de comercio electr\u00f3nico, se informa a los usuarios que el presente sitio web es titularidad de:<\/p>\n<p>Titular: Sport and Cook S.L.<\/p>\n<p>C.I.F.: B90250739<\/p>\n<p>Domicilio social: Avenida de Espa\u00f1a, 52, Local 9, 41704 Dos Hermanas, Sevilla (Espa\u00f1a)<\/p>\n<p>Correo electr\u00f3nico de contacto: <a href=\"mailto:obrador.nubeco@gmail.com\" target=\"_blank\" rel=\"noopener\">obrador.nubeco@gmail.com<\/a><\/p>\n<p>1. Objeto<\/p>\n<p>El presente sitio web ha sido creado con la finalidad de informar sobre la actividad y productos del Obrador Artesano Nubeco, permitiendo a sus usuarios conocer sus servicios, contactar con el equipo y realizar consultas o pedidos relacionados con la actividad del obrador.<\/p>\n<p>2. Condiciones de uso<\/p>\n<p>El acceso y uso del sitio web atribuye la condici\u00f3n de usuario, lo cual implica la aceptaci\u00f3n plena y sin reservas de todas las disposiciones incluidas en este <span class=\"il\">aviso<\/span> <span class=\"il\">legal<\/span> en el momento mismo en que se accede al sitio. Sport and Cook S.L. se reserva el derecho a modificar en cualquier momento y sin previo <span class=\"il\">aviso<\/span> la presentaci\u00f3n, configuraci\u00f3n y contenido del sitio, as\u00ed como las condiciones requeridas para su acceso y\/o utilizaci\u00f3n.<\/p>\n<p>3. Propiedad intelectual e industrial<\/p>\n<p>Todos los contenidos del sitio web (textos, im\u00e1genes, dise\u00f1os, c\u00f3digo fuente, marcas, logotipos, etc.) son propiedad de Sport and Cook S.L. o, en su caso, dispone de licencia o autorizaci\u00f3n expresa por parte de los titulares, estando protegidos por la normativa vigente en materia de propiedad intelectual e industrial.<\/p>\n<p>Queda prohibida la reproducci\u00f3n, distribuci\u00f3n, comunicaci\u00f3n p\u00fablica, transformaci\u00f3n o cualquier otra forma de explotaci\u00f3n, sin la previa autorizaci\u00f3n expresa y por escrito de Sport and Cook S.L.<\/p>\n<p>4. Responsabilidad<\/p>\n<p>Sport and Cook S.L. no se responsabiliza del mal uso que se realice de los contenidos del sitio web, siendo exclusiva responsabilidad del usuario que accede a ellos o los utiliza. Tampoco se responsabiliza de posibles errores de seguridad ni de los da\u00f1os que puedan causarse al sistema inform\u00e1tico del usuario como consecuencia de la presencia de virus u otros elementos da\u00f1inos.<\/p>\n<p>5. Protecci\u00f3n de datos<\/p>\n<p>Para conocer c\u00f3mo se tratan sus datos personales, el usuario puede consultar nuestra Pol\u00edtica de Privacidad, disponible en esta misma web.<\/p>\n<p>6. Legislaci\u00f3n aplicable y jurisdicci\u00f3n<\/p>\n<p>El presente <span class=\"il\">aviso<\/span> <span class=\"il\">legal<\/span> se rige en todos y cada uno de sus extremos por la legislaci\u00f3n espa\u00f1ola. Para la resoluci\u00f3n de cualquier controversia que pudiera derivarse del acceso o uso de este sitio web, las partes se someten a los juzgados y tribunales de Sevilla, con renuncia expresa a cualquier otro fuero que pudiera corresponderles.<\/p>\n<p>[\/et_pb_text][\/et_pb_column][\/et_pb_row][\/et_pb_section]<\/p>\n","protected":false},"excerpt":{"rendered":"<p>Aviso legal&nbsp; &nbsp; En cumplimiento con el deber de informaci\u00f3n recogido en el art\u00edculo 10 de la Ley 34\/2002, de 11 de julio, de servicios de la sociedad de la informaci\u00f3n y de comercio electr\u00f3nico, se informa a los usuarios que el presente sitio web es titularidad de: Titular: Sport and Cook S.L. C.I.F.: B90250739 [&hellip;]<\/p>\n","protected":false},"author":1,"featured_media":0,"parent":0,"menu_order":0,"comment_status":"closed","ping_status":"closed","template":"","meta":{"_et_pb_use_builder":"on","_et_pb_old_content":"","_et_gb_content_width":"","footnotes":""},"class_list":["post-343","page","type-page","status-publish","hentry"],"_links":{"self":[{"href":"https:\/\/obradornubeco.com\/index.php\/wp-json\/wp\/v2\/pages\/343","targetHints":{"allow":["GET"]}}],"collection":[{"href":"https:\/\/obradornubeco.com\/index.php\/wp-json\/wp\/v2\/pages"}],"about":[{"href":"https:\/\/obradornubeco.com\/index.php\/wp-json\/wp\/v2\/types\/page"}],"author":[{"embeddable":true,"href":"https:\/\/obradornubeco.com\/index.php\/wp-json\/wp\/v2\/users\/1"}],"replies":[{"embeddable":true,"href":"https:\/\/obradornubeco.com\/index.php\/wp-json\/wp\/v2\/comments?post=343"}],"version-history":[{"count":3,"href":"https:\/\/obradornubeco.com\/index.php\/wp-json\/wp\/v2\/pages\/343\/revisions"}],"predecessor-version":[{"id":346,"href":"https:\/\/obradornubeco.com\/index.php\/wp-json\/wp\/v2\/pages\/343\/revisions\/346"}],"wp:attachment":[{"href":"https:\/\/obradornubeco.com\/index.php\/wp-json\/wp\/v2\/media?parent=343"}],"curies":[{"name":"wp","href":"https:\/\/api.w.org\/{rel}","templated":true}]}}